{"id":3370,"date":"2019-06-12T10:36:08","date_gmt":"2019-06-12T08:36:08","guid":{"rendered":"https:\/\/www.gemeinschaftspraxis-bonn.de\/imprint\/"},"modified":"2025-10-13T12:43:06","modified_gmt":"2025-10-13T10:43:06","slug":"imprint","status":"publish","type":"page","link":"https:\/\/www.gemeinschaftspraxis-bonn.de\/en\/imprint\/","title":{"rendered":"Imprint"},"content":{"rendered":"<div class=\"fusion-fullwidth fullwidth-box fusion-builder-row-1 nonhundred-percent-fullwidth non-hundred-percent-height-scrolling\" style=\"background-color: rgba(255,255,255,0);background-position: center center;background-repeat: no-repeat;padding-top:0px;padding-right:0px;padding-bottom:0px;padding-left:0px;margin-bottom: 0px;margin-top: 0px;border-width: 0px 0px 0px 0px;border-color:#eae9e9;border-style:solid;\" ><div class=\"fusion-builder-row fusion-row\"><div class=\"fusion-layout-column fusion_builder_column fusion-builder-column-0 fusion_builder_column_1_1 1_1 fusion-one-full fusion-column-first fusion-column-last column-small\" style=\"margin-top:0px;margin-bottom:20px;\"><div class=\"fusion-column-wrapper fusion-flex-column-wrapper-legacy\" style=\"background-position:left top;background-blend-mode: overlay;background-repeat:no-repeat;-webkit-background-size:cover;-moz-background-size:cover;-o-background-size:cover;background-size:cover;padding: 0px 0px 0px 0px;\"><div class=\"fusion-text fusion-text-1\"><h1 style=\"text-align: center;\">Imprint<\/h1>\n<h2 style=\"text-align: center;\">Joint practice Bonn for neurosurgery, orthopaedics, trauma surgery, radiology and sports medicine<\/h2>\n<\/div><div class=\"fusion-clearfix\"><\/div><\/div><\/div><div class=\"fusion-layout-column fusion_builder_column fusion-builder-column-1 fusion_builder_column_1_1 1_1 fusion-one-full fusion-column-first fusion-column-last\" style=\"margin-top:0px;margin-bottom:20px;\"><div class=\"fusion-column-wrapper fusion-flex-column-wrapper-legacy\" style=\"background-position:left top;background-blend-mode: overlay;background-repeat:no-repeat;-webkit-background-size:cover;-moz-background-size:cover;-o-background-size:cover;background-size:cover;padding: 0px 0px 0px 0px;\"><p><strong><br \/>Diensteanbieter<\/strong><\/p>\r\n<!-- AG - Anfang -->\r\n<!-- AG - Ende -->\r\n<!-- eK - Anfang -->\r\n<!-- eK - Ende -->\r\n<!-- eV - Anfang -->\r\n<!-- eV - Ende -->\r\n<!-- eG - Anfang -->\r\n<!-- eG - Ende -->\r\n<!-- Einzelunternehmer - Anfang -->\r\n<!-- Einzelunternehmer - Ende -->\r\n<!-- gGmbH - Anfang -->\r\n<!-- gGmbH - Ende -->\r\n<!-- GbR - Anfang -->\r\n \r\n<p>\r\nCenter for Brain, Health & Motion: Gemeinschaftspraxis f\u00fcr Neurochirurgie, Orthop\u00e4die, Unfallchirurgie, Radiologie an der Beta Klinik Bonn<\/p>\r\n<p>\r\nVertretungsberechtigt:\r\n<br \/>Prof. Dr. Thomas Gasser <\/p>\r\n<!-- GbR - Ende -->\r\n<!-- GmbH - Anfang -->\r\n<!-- GmbH - Ende -->\r\n<!-- GmbH_Co - Anfang -->\r\n<!-- GmbH_Co - Ende -->\r\n<!-- KG - Anfang -->\r\n<!-- KG - Ende -->\r\n<!-- KGaA - Anfang -->\r\n<!-- KGaA - Ende -->\r\n<!-- oHG - Anfang -->\r\n<!-- oHG - Ende -->\r\n<!-- PartG - Anfang -->\r\n<!-- PartG - Ende -->\r\n<!-- PartGmbB - Anfang -->\r\n<!-- PartGmbB - Ende -->\r\n<!-- UG - Anfang -->\r\n<!-- UG - Ende -->\r\n<!-- UG_Co - Anfang -->\r\n<!-- UG_Co - Ende -->\r\n<!-- Kapital - Anfang -->\r\n<!-- Kapital - Ende -->\r\n<!-- Insolvenz - Anfang -->\r\n<!-- Insolvenz - Ende -->\r\n<!-- Anschrift & Kontaktdaten - Anfang -->\r\n<p><strong><br \/>Anschrift & Kontaktdaten<\/strong><\/p>\r\n<p>\r\nJoseph-Schumpeter-Allee 15<br \/>53227 Bonn<\/p>\r\n<p>\r\nTelefon: +49 228 90 90 75-333<br \/>Mail: info@gemeinschaftspraxis-bonn.de<\/p>\r\n<!-- Anschrift & Kontaktdaten - Ende -->\r\n<!-- Aufsichtsbeh\u00f6rde - Anfang -->\r\n \r\n<p><strong><br \/>Aufsichtsbeh\u00f6rde<\/strong><\/p>\r\n<p>\r\nNachfolgend finden Sie die f\u00fcr uns zust\u00e4ndige Aufsichtsbeh\u00f6rde:\r\n<br \/>Kassen\u00e4rztliche Vereinigung Nordrhein<br \/>Tersteegenstra\u00dfe 9<br \/>40474 D\u00fcsseldorf<br \/>Website: <a href=\"https:\/\/www.kvno.de\/\" target=\"new\">https:\/\/www.kvno.de\/<\/a>\r\n<\/p>\r\n<!-- Aufsichtsbeh\u00f6rde - Ende -->\r\n<!-- Register - Anfang -->\r\n\r\n\r\n\r\n\r\n\r\n\r\n\r\n\r\n\r\n\r\n\r\n\r\n<!-- Register - Ende -->\r\n<!-- Berufsrecht - Anfang -->\r\n \r\n<p><strong><br \/>Berufsrechtliche Angaben<\/strong><\/p>\r\n<p>\r\nNachfolgend finden Sie die f\u00fcr uns zust\u00e4ndige Kammer:\r\n<br \/>\u00c4rztekammer Nordrhein<br \/>Tersteegenstra\u00dfe 9<br \/>40474 D\u00fcsseldorf<br \/>Website: <a href=\"https:\/\/www.aekno.de\/\" target=\"new\">https:\/\/www.aekno.de\/<\/a>\r\n<\/p>\r\n<p>\r\nDie gesetzliche Berufsbezeichnung lautet:\r\n<br \/>Dr. med. Axel Jung: Facharzt f\u00fcr Neurochirurgie; Prof. Dr. med. Thomas Gasser: Facharzt f\u00fcr Neurochirurgie; Peter Braun: Facharzt f\u00fcr Orthop\u00e4die; Dr. med. Andre W. Demant: Facharzt f\u00fcr Radiologie und Kinderradiologie; Dr. med. Markus Klingenberg: Facharzt f\u00fcr Orthop\u00e4die und Unfallchirurgie; Dr. Andreas Heck: Facharzt f\u00fcr Orthop\u00e4die und Unfallchirurgie; Dr. med. Thomas Weimann: Facharzt f\u00fcr Radiologie und Neuroradiologie; Dr. med. Christoph Manka: Facharzt f\u00fcr Radiologie und Neuroradiologie; Dennis Krein:  Facharzt f\u00fcr Radiologie<\/p>\r\n<p>\r\nDie Berufsbezeichnung wurde in Bundesrepublik Deutschland verliehen.\r\n<\/p>\r\n<p>\r\nEs gelten folgende berufsrechtliche Regelungen:\r\n<br \/>Berufsordnung, Heilberufsgesetz, Geb\u00fchrenordnung<\/p>\r\n<p>\r\nDie berufsrechtlichen Regelungen sind hier abrufbar:<br \/> \r\n<a href=\"https:\/\/www.aekno.de\/aerzte\/gesetze-verordnungen\" target=\"new\">https:\/\/www.aekno.de\/aerzte\/gesetze-verordnungen<\/a><br \/><\/p>\r\n<!-- Berufsrecht - Ende -->\r\n<!-- Identifikationsnummern - Anfang -->\r\n<!-- Identifikationsnummern - Ende -->\r\n<!-- Medienstaatsvertrag - Anfang -->\r\n<!-- Medienstaatsvertrag - Ende -->\r\n<!-- Streitbeilegung - Anfang -->\r\n<p><strong><br \/>Streitbeilegung<\/strong><\/p>\r\n \r\n<p>Zur Teilnahme an einem Streitbeilegungsverfahren vor einer Verbraucherschlichtungsstelle sind wir nicht bereit und nicht verpflichtet.<\/p>\r\n<!-- Streitbeilegung - Ende -->\r\n<!-- Berufshaftpflichtversicherung - Angfang -->\r\n<!-- Berufshaftpflichtversicherung - Ende -->\r\n<!-- Audiovisuelle Mediendienste - Anfang -->\r\n<!-- Audiovisuelle Mediendienste - Ende -->\r\n<!-- Social-Media-Pr\u00e4senzen - Anfang -->\r\n<!-- Social-Media-Pr\u00e4senzen - Ende -->\r\n<!-- Weitere Informationen - Anfang -->\r\n<!-- Weitere Informationen - Ende -->\r\n<!-- Hinweis auf getLaw - Anfang -->\r\n<!-- Hinweis auf getLaw - Anfang -->\r\n<div class=\"fusion-text fusion-text-2\"><h2>Implementation:<\/h2>\n<p>Corporate design, practice website, texts, photo shoot and <a href=\"https:\/\/www.designery.de\" target=\"_blank\" rel=\"noopener\">practice marketing<\/a> by Designery.<\/p>\n<\/div><div class=\"fusion-clearfix\"><\/div><\/div><\/div><\/div><\/div>\n","protected":false},"excerpt":{"rendered":"","protected":false},"author":1,"featured_media":0,"parent":0,"menu_order":7,"comment_status":"closed","ping_status":"closed","template":"","meta":{"footnotes":""},"class_list":["post-3370","page","type-page","status-publish","hentry"],"yoast_head":"<!-- This site is optimized with the Yoast SEO plugin v27.4 - https:\/\/yoast.com\/product\/yoast-seo-wordpress\/ -->\n<title>Imprint - Joint practice Bonn<\/title>\n<meta name=\"description\" content=\"Bonn group practice - our imprint. You can find out more about neurosurgery, orthopaedics, trauma surgery, radiology and sports medicine on our website.\" \/>\n<meta name=\"robots\" content=\"index, follow, max-snippet:-1, max-image-preview:large, max-video-preview:-1\" \/>\n<link rel=\"canonical\" href=\"https:\/\/www.gemeinschaftspraxis-bonn.de\/en\/imprint\/\" \/>\n<meta property=\"og:locale\" content=\"en_US\" \/>\n<meta property=\"og:type\" content=\"article\" \/>\n<meta property=\"og:title\" content=\"Imprint - Joint practice Bonn\" \/>\n<meta property=\"og:description\" content=\"Bonn group practice - our imprint. You can find out more about neurosurgery, orthopaedics, trauma surgery, radiology and sports medicine on our website.\" \/>\n<meta property=\"og:url\" content=\"https:\/\/www.gemeinschaftspraxis-bonn.de\/en\/imprint\/\" \/>\n<meta property=\"og:site_name\" content=\"Gemeinschaftspraxis f\u00fcr Neurochirurgie, Orthop\u00e4die, Unfallchirurgie, Radiologie Bonn\" \/>\n<meta property=\"article:modified_time\" content=\"2025-10-13T10:43:06+00:00\" \/>\n<meta property=\"og:image\" content=\"https:\/\/www.gemeinschaftspraxis-bonn.de\/wp-content\/uploads\/Drs.-Klingenberg-Heck-Braun-120.jpg\" \/>\n\t<meta property=\"og:image:width\" content=\"1000\" \/>\n\t<meta property=\"og:image:height\" content=\"667\" \/>\n\t<meta property=\"og:image:type\" content=\"image\/jpeg\" \/>\n<meta name=\"twitter:card\" content=\"summary_large_image\" \/>\n<meta name=\"twitter:label1\" content=\"Est. reading time\" \/>\n\t<meta name=\"twitter:data1\" content=\"1 minute\" \/>\n<script type=\"application\/ld+json\" class=\"yoast-schema-graph\">{\"@context\":\"https:\\\/\\\/schema.org\",\"@graph\":[{\"@type\":\"WebPage\",\"@id\":\"https:\\\/\\\/www.gemeinschaftspraxis-bonn.de\\\/en\\\/imprint\\\/\",\"url\":\"https:\\\/\\\/www.gemeinschaftspraxis-bonn.de\\\/en\\\/imprint\\\/\",\"name\":\"Imprint - Joint practice Bonn\",\"isPartOf\":{\"@id\":\"https:\\\/\\\/www.gemeinschaftspraxis-bonn.de\\\/en\\\/#website\"},\"datePublished\":\"2019-06-12T08:36:08+00:00\",\"dateModified\":\"2025-10-13T10:43:06+00:00\",\"description\":\"Bonn group practice - our imprint. You can find out more about neurosurgery, orthopaedics, trauma surgery, radiology and sports medicine on our website.\",\"breadcrumb\":{\"@id\":\"https:\\\/\\\/www.gemeinschaftspraxis-bonn.de\\\/en\\\/imprint\\\/#breadcrumb\"},\"inLanguage\":\"en-US\",\"potentialAction\":[{\"@type\":\"ReadAction\",\"target\":[\"https:\\\/\\\/www.gemeinschaftspraxis-bonn.de\\\/en\\\/imprint\\\/\"]}]},{\"@type\":\"BreadcrumbList\",\"@id\":\"https:\\\/\\\/www.gemeinschaftspraxis-bonn.de\\\/en\\\/imprint\\\/#breadcrumb\",\"itemListElement\":[{\"@type\":\"ListItem\",\"position\":1,\"name\":\"Startseite\",\"item\":\"https:\\\/\\\/www.gemeinschaftspraxis-bonn.de\\\/en\\\/?page_id=3513\"},{\"@type\":\"ListItem\",\"position\":2,\"name\":\"Imprint\"}]},{\"@type\":\"WebSite\",\"@id\":\"https:\\\/\\\/www.gemeinschaftspraxis-bonn.de\\\/en\\\/#website\",\"url\":\"https:\\\/\\\/www.gemeinschaftspraxis-bonn.de\\\/en\\\/\",\"name\":\"Gemeinschaftspraxis f\u00fcr Neurochirurgie, Orthop\u00e4die, Unfallchirurgie, Radiologie Bonn\",\"description\":\"Just another WordPress site\",\"potentialAction\":[{\"@type\":\"SearchAction\",\"target\":{\"@type\":\"EntryPoint\",\"urlTemplate\":\"https:\\\/\\\/www.gemeinschaftspraxis-bonn.de\\\/en\\\/?s={search_term_string}\"},\"query-input\":{\"@type\":\"PropertyValueSpecification\",\"valueRequired\":true,\"valueName\":\"search_term_string\"}}],\"inLanguage\":\"en-US\"}]}<\/script>\n<!-- \/ Yoast SEO plugin. -->","yoast_head_json":{"title":"Imprint - Joint practice Bonn","description":"Bonn group practice - our imprint. You can find out more about neurosurgery, orthopaedics, trauma surgery, radiology and sports medicine on our website.","robots":{"index":"index","follow":"follow","max-snippet":"max-snippet:-1","max-image-preview":"max-image-preview:large","max-video-preview":"max-video-preview:-1"},"canonical":"https:\/\/www.gemeinschaftspraxis-bonn.de\/en\/imprint\/","og_locale":"en_US","og_type":"article","og_title":"Imprint - Joint practice Bonn","og_description":"Bonn group practice - our imprint. You can find out more about neurosurgery, orthopaedics, trauma surgery, radiology and sports medicine on our website.","og_url":"https:\/\/www.gemeinschaftspraxis-bonn.de\/en\/imprint\/","og_site_name":"Gemeinschaftspraxis f\u00fcr Neurochirurgie, Orthop\u00e4die, Unfallchirurgie, Radiologie Bonn","article_modified_time":"2025-10-13T10:43:06+00:00","og_image":[{"width":1000,"height":667,"url":"https:\/\/www.gemeinschaftspraxis-bonn.de\/wp-content\/uploads\/Drs.-Klingenberg-Heck-Braun-120.jpg","type":"image\/jpeg"}],"twitter_card":"summary_large_image","twitter_misc":{"Est. reading time":"1 minute"},"schema":{"@context":"https:\/\/schema.org","@graph":[{"@type":"WebPage","@id":"https:\/\/www.gemeinschaftspraxis-bonn.de\/en\/imprint\/","url":"https:\/\/www.gemeinschaftspraxis-bonn.de\/en\/imprint\/","name":"Imprint - Joint practice Bonn","isPartOf":{"@id":"https:\/\/www.gemeinschaftspraxis-bonn.de\/en\/#website"},"datePublished":"2019-06-12T08:36:08+00:00","dateModified":"2025-10-13T10:43:06+00:00","description":"Bonn group practice - our imprint. You can find out more about neurosurgery, orthopaedics, trauma surgery, radiology and sports medicine on our website.","breadcrumb":{"@id":"https:\/\/www.gemeinschaftspraxis-bonn.de\/en\/imprint\/#breadcrumb"},"inLanguage":"en-US","potentialAction":[{"@type":"ReadAction","target":["https:\/\/www.gemeinschaftspraxis-bonn.de\/en\/imprint\/"]}]},{"@type":"BreadcrumbList","@id":"https:\/\/www.gemeinschaftspraxis-bonn.de\/en\/imprint\/#breadcrumb","itemListElement":[{"@type":"ListItem","position":1,"name":"Startseite","item":"https:\/\/www.gemeinschaftspraxis-bonn.de\/en\/?page_id=3513"},{"@type":"ListItem","position":2,"name":"Imprint"}]},{"@type":"WebSite","@id":"https:\/\/www.gemeinschaftspraxis-bonn.de\/en\/#website","url":"https:\/\/www.gemeinschaftspraxis-bonn.de\/en\/","name":"Gemeinschaftspraxis f\u00fcr Neurochirurgie, Orthop\u00e4die, Unfallchirurgie, Radiologie Bonn","description":"Just another WordPress site","potentialAction":[{"@type":"SearchAction","target":{"@type":"EntryPoint","urlTemplate":"https:\/\/www.gemeinschaftspraxis-bonn.de\/en\/?s={search_term_string}"},"query-input":{"@type":"PropertyValueSpecification","valueRequired":true,"valueName":"search_term_string"}}],"inLanguage":"en-US"}]}},"_links":{"self":[{"href":"https:\/\/www.gemeinschaftspraxis-bonn.de\/en\/wp-json\/wp\/v2\/pages\/3370","targetHints":{"allow":["GET"]}}],"collection":[{"href":"https:\/\/www.gemeinschaftspraxis-bonn.de\/en\/wp-json\/wp\/v2\/pages"}],"about":[{"href":"https:\/\/www.gemeinschaftspraxis-bonn.de\/en\/wp-json\/wp\/v2\/types\/page"}],"author":[{"embeddable":true,"href":"https:\/\/www.gemeinschaftspraxis-bonn.de\/en\/wp-json\/wp\/v2\/users\/1"}],"replies":[{"embeddable":true,"href":"https:\/\/www.gemeinschaftspraxis-bonn.de\/en\/wp-json\/wp\/v2\/comments?post=3370"}],"version-history":[{"count":4,"href":"https:\/\/www.gemeinschaftspraxis-bonn.de\/en\/wp-json\/wp\/v2\/pages\/3370\/revisions"}],"predecessor-version":[{"id":3802,"href":"https:\/\/www.gemeinschaftspraxis-bonn.de\/en\/wp-json\/wp\/v2\/pages\/3370\/revisions\/3802"}],"wp:attachment":[{"href":"https:\/\/www.gemeinschaftspraxis-bonn.de\/en\/wp-json\/wp\/v2\/media?parent=3370"}],"curies":[{"name":"wp","href":"https:\/\/api.w.org\/{rel}","templated":true}]}}